{"id":2,"date":"2025-11-09T12:40:09","date_gmt":"2025-11-09T12:40:09","guid":{"rendered":"https:\/\/05climb.fr\/?page_id=2"},"modified":"2025-11-09T12:49:32","modified_gmt":"2025-11-09T12:49:32","slug":"sample-page","status":"publish","type":"page","link":"https:\/\/05climb.fr\/index.php\/sample-page\/","title":{"rendered":"A PROPOS"},"content":{"rendered":"\n<p>Club Informatique et Math\u00e9matique de Brian\u00e7on<\/p>\n\n\n\n<blockquote class=\"wp-block-quote is-layout-flow wp-block-quote-is-layout-flow\">\n<p>Le CLIMB de Brian\u00e7on est un groupe de vulgarisation scientifique autour de sujets math\u00e9matiques, informatiques et physiques.<\/p>\n<\/blockquote>\n\n\n\n<p><\/p>\n","protected":false},"excerpt":{"rendered":"<p>Club Informatique et Math\u00e9matique de Brian\u00e7on Le CLIMB de Brian\u00e7on est un groupe de vulgarisation scientifique autour de sujets math\u00e9matiques, informatiques et physiques.<\/p>\n","protected":false},"author":1,"featured_media":0,"parent":0,"menu_order":0,"comment_status":"closed","ping_status":"open","template":"","meta":{"footnotes":""},"class_list":["post-2","page","type-page","status-publish","hentry"],"_links":{"self":[{"href":"https:\/\/05climb.fr\/index.php\/wp-json\/wp\/v2\/pages\/2","targetHints":{"allow":["GET"]}}],"collection":[{"href":"https:\/\/05climb.fr\/index.php\/wp-json\/wp\/v2\/pages"}],"about":[{"href":"https:\/\/05climb.fr\/index.php\/wp-json\/wp\/v2\/types\/page"}],"author":[{"embeddable":true,"href":"https:\/\/05climb.fr\/index.php\/wp-json\/wp\/v2\/users\/1"}],"replies":[{"embeddable":true,"href":"https:\/\/05climb.fr\/index.php\/wp-json\/wp\/v2\/comments?post=2"}],"version-history":[{"count":2,"href":"https:\/\/05climb.fr\/index.php\/wp-json\/wp\/v2\/pages\/2\/revisions"}],"predecessor-version":[{"id":10,"href":"https:\/\/05climb.fr\/index.php\/wp-json\/wp\/v2\/pages\/2\/revisions\/10"}],"wp:attachment":[{"href":"https:\/\/05climb.fr\/index.php\/wp-json\/wp\/v2\/media?parent=2"}],"curies":[{"name":"wp","href":"https:\/\/api.w.org\/{rel}","templated":true}]}}